{"id":61,"date":"2023-06-20T11:57:54","date_gmt":"2023-06-20T11:57:54","guid":{"rendered":"http:\/\/cd.evekrieger.de\/?page_id=61"},"modified":"2023-06-20T13:34:24","modified_gmt":"2023-06-20T13:34:24","slug":"impressum","status":"publish","type":"page","link":"http:\/\/cd.evekrieger.de\/index.php\/impressum\/","title":{"rendered":"impressum"},"content":{"rendered":"\n<div class=\"wp-block-group alignfull has-global-padding is-layout-constrained wp-block-group-is-layout-constrained\">\n<div class=\"wp-block-cover alignfull is-light has-x-large-font-size\" style=\"padding-top:var(--wp--preset--spacing--30);padding-right:var(--wp--preset--spacing--30);padding-bottom:var(--wp--preset--spacing--30);padding-left:var(--wp--preset--spacing--30);min-height:50px;aspect-ratio:unset;\"><span aria-hidden=\"true\" class=\"wp-block-cover__background has-black-background-color has-background-dim-0 has-background-dim\"><\/span><img loading=\"lazy\" decoding=\"async\" width=\"960\" height=\"640\" class=\"wp-block-cover__image-background wp-image-10\" alt=\"\" src=\"http:\/\/cd.evekrieger.de\/wp-content\/uploads\/2023\/06\/beach-7911303_960_720.jpg\" style=\"object-position:49% 91%\" data-object-fit=\"cover\" data-object-position=\"49% 91%\" srcset=\"http:\/\/cd.evekrieger.de\/wp-content\/uploads\/2023\/06\/beach-7911303_960_720.jpg 960w, http:\/\/cd.evekrieger.de\/wp-content\/uploads\/2023\/06\/beach-7911303_960_720-300x200.jpg 300w, http:\/\/cd.evekrieger.de\/wp-content\/uploads\/2023\/06\/beach-7911303_960_720-768x512.jpg 768w\" sizes=\"auto, (max-width: 960px) 100vw, 960px\" \/><div class=\"wp-block-cover__inner-container is-layout-flow wp-block-cover-is-layout-flow\">\n<div class=\"wp-block-group alignwide has-base-color has-text-color has-link-color wp-elements-eaf35109d52f0d1a700ca5a45f8a10bd is-content-justification-space-between is-layout-flex wp-container-core-group-is-layout-10d17ff1 wp-block-group-is-layout-flex\" style=\"margin-top:0;margin-bottom:0\">\n<div class=\"wp-block-group is-layout-flex wp-block-group-is-layout-flex\"><div class=\"is-default-size is-style-default wp-block-site-logo\"><a href=\"http:\/\/cd.evekrieger.de\/\" class=\"custom-logo-link\" rel=\"home\"><img loading=\"lazy\" decoding=\"async\" width=\"400\" height=\"408\" src=\"http:\/\/cd.evekrieger.de\/wp-content\/uploads\/2023\/06\/logo_blau.png\" class=\"custom-logo\" alt=\"GEO AG KIEL\" srcset=\"http:\/\/cd.evekrieger.de\/wp-content\/uploads\/2023\/06\/logo_blau.png 400w, http:\/\/cd.evekrieger.de\/wp-content\/uploads\/2023\/06\/logo_blau-294x300.png 294w\" sizes=\"auto, (max-width: 400px) 100vw, 400px\" \/><\/a><\/div>\n\n<h1 style=\"color:#2c3f92; font-style:normal;font-weight:700;\" class=\"has-link-color wp-elements-ee6216c545e3b742be35f5cdd18e9eea wp-block-site-title has-text-color has-x-large-font-size\"><a href=\"http:\/\/cd.evekrieger.de\" target=\"_self\" rel=\"home\">GEO AG KIEL<\/a><\/h1><\/div>\n<\/div>\n\n\n\n<div style=\"height:384px\" aria-hidden=\"true\" class=\"wp-block-spacer\"><\/div>\n<\/div><\/div>\n<\/div>\n\n\n\n<div class=\"wp-block-columns is-layout-flex wp-container-core-columns-is-layout-d7d455e7 wp-block-columns-is-layout-flex\" style=\"border-style:none;border-width:0px;padding-top:0;padding-right:0;padding-bottom:0;padding-left:0\">\n<div class=\"wp-block-column is-layout-flow wp-block-column-is-layout-flow\" style=\"flex-basis:25%\">\n<p class=\"has-base-color has-text-color has-background has-link-color wp-elements-d2b58fbc8660674d4975806749d13f92\" style=\"background-color:#2c3f92\"><a href=\"http:\/\/cd.evekrieger.de\/index.php\/termine\/\">Termine &amp; Mitgliedschaft<\/a><\/p>\n\n\n\n<p class=\"has-base-color has-text-color has-background has-link-color wp-elements-eefea8db24d6a024348f390fb9115dbe\" style=\"background-color:#2c3f92\"><a href=\"http:\/\/cd.evekrieger.de\/index.php\/interessantes\/\" data-type=\"URL\" data-id=\"http:\/\/cd.evekrieger.de\/index.php\/interessantes\/\">Interessantes<\/a><\/p>\n\n\n\n<p class=\"has-base-color has-text-color has-background has-link-color wp-elements-d09ce63710b9b54e7ea6759531955933\" style=\"background-color:#2c3f92\"><a href=\"http:\/\/cd.evekrieger.de\/index.php\/anfahrt\/\" data-type=\"URL\" data-id=\"http:\/\/cd.evekrieger.de\/index.php\/anfahrt\/\">Anfahrt<\/a><\/p>\n\n\n\n<p class=\"has-base-color has-text-color has-background has-link-color wp-elements-690e2b2e31a64c41641cff53310cd497\" style=\"background-color:#2c3f92\"><a href=\"http:\/\/cd.evekrieger.de\/index.php\/links\/\" data-type=\"URL\" data-id=\"http:\/\/cd.evekrieger.de\/index.php\/anfahrt\/\">Links<\/a><\/p>\n\n\n\n<hr class=\"wp-block-separator has-text-color has-alpha-channel-opacity has-background is-style-wide\" style=\"background-color:#2c3f92;color:#2c3f92\"\/>\n\n\n\n<p class=\"has-base-color has-text-color has-background\" style=\"background-color:#2c3f92;padding-top:10px;padding-right:10px;padding-bottom:10px;padding-left:10px\"><strong>Kontakt:<br><\/strong>info@geo-ag-kiel.de<\/p>\n\n\n\n<div class=\"wp-block-columns has-background is-layout-flex wp-container-core-columns-is-layout-28f84493 wp-block-columns-is-layout-flex\" style=\"background-color:#2c3f92\">\n<div class=\"wp-block-column is-layout-flow wp-block-column-is-layout-flow\">\n<figure class=\"wp-block-image aligncenter size-full\"><img loading=\"lazy\" decoding=\"async\" width=\"64\" height=\"64\" src=\"http:\/\/cd.evekrieger.de\/wp-content\/uploads\/2023\/06\/fb.png\" alt=\"\" class=\"wp-image-42\"\/><\/figure>\n<\/div>\n\n\n\n<div class=\"wp-block-column is-layout-flow wp-block-column-is-layout-flow\">\n<figure class=\"wp-block-image aligncenter size-full\"><img loading=\"lazy\" decoding=\"async\" width=\"64\" height=\"64\" src=\"http:\/\/cd.evekrieger.de\/wp-content\/uploads\/2023\/06\/insta.png\" alt=\"\" class=\"wp-image-43\"\/><\/figure>\n<\/div>\n<\/div>\n<\/div>\n\n\n\n<div class=\"wp-block-column is-layout-flow wp-block-column-is-layout-flow\" style=\"flex-basis:66.66%\">\n<h1 class=\"wp-block-heading has-text-color has-medium-font-size\" style=\"color:#2c3f92;text-transform:uppercase\"><strong>Impressum &amp; Haftungsausschluss<\/strong><\/h1>\n\n\n\n<p style=\"margin-top:0;margin-right:0;margin-bottom:0;margin-left:0;font-size:0px\">Die GEO-AG ist nicht nur eine Arbeitsgemeinschaft, um &#8222;einem Hobby&#8220; nachzugehen. Sie&nbsp;ist ein Gemisch unterschiedlicher Neigungen, die alle&nbsp;mit der Geologie, der Pal\u00e4ontologie und angeschlossenen Nebenf\u00e4chern in Verbindung stehen.<\/p>\n\n\n\n<p id=\"impressum\"><strong>Impressum<\/strong><br>Geologisch-Pal\u00e4ontologische Arbeitsgemeinschaft<br>Vorsitzender: Peter Parpart<br>Am H\u00f6rn 24<br>24326 Ascheberg<br>info@geo-ag-kiel.de<br>www.geo-ag-kiel.de<\/p>\n\n\n\n<hr class=\"wp-block-separator has-text-color has-cyan-bluish-gray-color has-alpha-channel-opacity has-cyan-bluish-gray-background-color has-background\"\/>\n\n\n\n<p><strong>Vorsitzender<\/strong><br>Peter Parpart<\/p>\n\n\n\n<p><strong>Kassenwart\/in<br><\/strong>Sabine Hilge<\/p>\n\n\n\n<p><strong>Schriftf\u00fchrer\/in<br><\/strong>Wiebke Brandt<\/p>\n\n\n\n<hr class=\"wp-block-separator has-text-color has-cyan-bluish-gray-color has-alpha-channel-opacity has-cyan-bluish-gray-background-color has-background\"\/>\n\n\n\n<p id=\"haftungsausschluss\"><strong>Haftungsausschluss und Rechte<br><\/strong>Der Autor \u00fcbernimmt keinerlei Gew\u00e4hr f\u00fcr die Aktualit\u00e4t, Korrektheit, Vollst\u00e4ndigkeit oder Qualit\u00e4t der bereitgestellten Informationen. Haftungsanspr\u00fcche gegen den Autor, welche sich auf Sch\u00e4den materieller oder ideeller Art beziehen, die durch die Nutzung oder Nichtnutzung der dargebotenen Informationen bzw. durch die Nutzung fehlerhafter und unvollst\u00e4ndiger Informationen verursacht wurden, sind grunds\u00e4tzlich ausgeschlossen, sofern seitens des Autors kein nachweislich vors\u00e4tzliches oder grob fahrl\u00e4ssiges Verschulden vorliegt. Alle Angebote sind freibleibend und unverbindlich. Der Autor beh\u00e4lt es sich ausdr\u00fccklich vor, Teile der Seiten oder das gesamte Angebot ohne gesonderte Ank\u00fcndigung zu ver\u00e4ndern, zu erg\u00e4nzen, zu l\u00f6schen oder die Ver\u00f6ffentlichung zeitweise oder endg\u00fcltig einzustellen.<\/p>\n\n\n\n<p><strong>Verweise und Links<br><\/strong>Bei direkten oder indirekten Verweisen auf fremde Internetseiten (&#8222;Links&#8220;), die ausserhalb des Verantwortungsbereiches des Autors liegen, w\u00fcrde eine Haftungsverpflichtung ausschliesslich in dem Fall in Kraft treten, in dem der Autor von den Inhalten Kenntnis hat und es ihm technisch m\u00f6glich und zumutbar w\u00e4re, die Nutzung im Falle rechtswidriger Inhalte zu verhindern. Der Autor erkl\u00e4rt hiermit ausdr\u00fccklich, dass zum Zeitpunkt der Linksetzung die entsprechenden verlinkten Seiten frei von illegalen Inhalten waren. Auf die aktuelle und zuk\u00fcnftige Gestaltung, die Inhalte oder die Urheberschaft der gelinkten \/ verkn\u00fcpften Seiten hat der Autor keinerlei Einfluss. Deshalb distanziert er sich hiermit ausdr\u00fccklich von allen Inhalten aller gelinkten \/ verkn\u00fcpften Seiten, die nach der Linksetzung ver\u00e4ndert wurden. Diese Feststellung gilt f\u00fcr alle innerhalb des eigenen Internetangebotes gesetzten Links und Verweise sowie f\u00fcr Fremdeintr\u00e4ge in vom Autor eingerichteten G\u00e4steb\u00fcchern, Diskussionsforen und Mailinglisten. F\u00fcr illegale, fehlerhafte oder unvollst\u00e4ndige Inhalte und insbesondere f\u00fcr Sch\u00e4den, die aus der Nutzung oder Nichtnutzung solcherart dargebotener Informationen entstehen, haftet allein der Anbieter der Seite, auf welche verwiesen wurde, nicht derjenige, der \u00fcber Links auf die jeweilige Ver\u00f6ffentlichung lediglich verweist.<\/p>\n\n\n\n<p><strong>Urheber- und Kennzeichenrecht<br><\/strong>Der Autor ist bestrebt, in allen Publikationen die Urheberrechte der verwendeten Grafiken, Tondokumente, Videosequenzen und Texte zu beachten, von ihm selbst erstellte Grafiken, Tondokumente, Videosequenzen und Texte zu nutzen oder auf lizenzfreie Grafiken, Tondokumente, Videosequenzen und Texte zur\u00fcckzugreifen. Alle innerhalb des Internetangebotes genannten und ggf. durch Dritte gesch\u00fctzten Marken- und Warenzeichen unterliegen uneingeschr\u00e4nkt den Bestimmungen des jeweils g\u00fcltigen Kennzeichenrechts und den Besitzrechten der jeweiligen eingetragenen Eigent\u00fcmer. Allein aufgrund der blossen Nennung ist nicht der Schluss zu ziehen, dass Markenzeichen nicht durch Rechte Dritter gesch\u00fctzt sind! Das Copyright f\u00fcr ver\u00f6ffentlichte, vom Autor selbst erstellte Objekte bleibt allein beim Autor der Seiten. Eine Vervielf\u00e4ltigung oder Verwendung solcher Grafiken, Tondokumente, Videosequenzen und Texte in anderen elektronischen oder gedruckten Publikationen ist ohne ausdr\u00fcckliche Zustimmung des Autors nicht gestattet.<\/p>\n\n\n\n<p><strong>Datenschutz<\/strong><br>Sofern innerhalb des Internetangebotes die M\u00f6glichkeit zur Eingabe pers\u00f6nlicher oder gesch\u00e4ftlicher Daten (Emailadressen, Namen, Anschriften) besteht, so erfolgt die Preisgabe dieser Daten seitens des Nutzers auf ausdr\u00fccklich freiwilliger Basis. Die Inanspruchnahme und Bezahlung aller angebotenen Dienste ist &#8211; soweit technisch m\u00f6glich und zumutbar &#8211; auch ohne Angabe solcher Daten bzw. unter Angabe anonymisierter Daten oder eines Pseudonyms gestattet.<\/p>\n\n\n\n<p><strong>Rechtswirksamkeit dieses Haftungsausschlusses<br><\/strong>Dieser Haftungsausschluss ist als Teil des Internetangebotes zu betrachten, von dem aus auf diese Seite verwiesen wurde. Sofern Teile oder einzelne Formulierungen dieses Textes der geltenden Rechtslage nicht, nicht mehr oder nicht vollst\u00e4ndig entsprechen sollten, bleiben die \u00fcbrigen Teile des Dokumentes in ihrem Inhalt und ihrer G\u00fcltigkeit davon unber\u00fchrt. Mit Urteil vom 12.5.1998 hat das Landgericht Hamburg entschieden, dass man durch die Anbringung eines Links die Inhalte der gelinkten URL ggf. mit zu verantworten hat, dies k\u00f6nne, so das LG weiter, nur dadurch verhindert werden, als das man sich ausdr\u00fccklich von den Inhalten derselben distanziere, was wir hiermit ausdr\u00fccklich tun. Wir betonen nachdr\u00fccklich, dass wir keinerlei Einfluss auf die Gestaltung und die Inhalte evtl. gelinkter Seiten haben.<\/p>\n\n\n\n<p><strong>Programmierung &amp; Design<br><\/strong>Diese Seite wurde durch die GEO AG KIEL erstellt mit WordPress. Die Urheberrechte der Bilder liegen bei der GEO AG KIEL.<\/p>\n<\/div>\n<\/div>\n\n\n\n<div class=\"wp-block-columns has-base-color has-text-color has-background is-layout-flex wp-container-core-columns-is-layout-28f84493 wp-block-columns-is-layout-flex\" style=\"background-color:#2c3f92\">\n<div class=\"wp-block-column is-vertically-aligned-center is-layout-flow wp-block-column-is-layout-flow\">\n<p>\u00a9 GEO AG KIEL 2023<\/p>\n<\/div>\n\n\n\n<div class=\"wp-block-column is-layout-flow wp-block-column-is-layout-flow\">\n<figure class=\"wp-block-image aligncenter size-full is-resized\"><img loading=\"lazy\" decoding=\"async\" src=\"http:\/\/cd.evekrieger.de\/wp-content\/uploads\/2023\/06\/Logo_GEO-AG-KIEL_weiss-1.png\" alt=\"\" class=\"wp-image-45\" width=\"147\" height=\"150\"\/><\/figure>\n<\/div>\n\n\n\n<div class=\"wp-block-column is-vertically-aligned-center is-layout-flow wp-block-column-is-layout-flow\">\n<p class=\"has-base-color has-text-color has-link-color wp-elements-8b9d26c12f59181cbb6df84ca72b389a\"><a href=\"http:\/\/cd.evekrieger.de\/index.php\/datenschutzerklaerung\/\">Datenschutz-Erkl\u00e4rung<br><\/a><a href=\"http:\/\/cd.evekrieger.de\/index.php\/impressum\/\" data-type=\"URL\" data-id=\"http:\/\/cd.evekrieger.de\/index.php\/impressum\/\">Impressum<\/a><\/p>\n<\/div>\n<\/div>\n","protected":false},"excerpt":{"rendered":"<p>Termine &amp; Mitgliedschaft Interessantes Anfahrt Links Kontakt:info@geo-ag-kiel.de Impressum &amp; Haftungsausschluss Die GEO-AG ist nicht nur eine Arbeitsgemeinschaft, um &#8222;einem Hobby&#8220; nachzugehen. Sie&nbsp;ist ein Gemisch unterschiedlicher Neigungen, die alle&nbsp;mit der Geologie, der Pal\u00e4ontologie und angeschlossenen Nebenf\u00e4chern in Verbindung stehen. ImpressumGeologisch-Pal\u00e4ontologische ArbeitsgemeinschaftVorsitzender: Peter ParpartAm H\u00f6rn 2424326 Ascheberginfo@geo-ag-kiel.dewww.geo-ag-kiel.de VorsitzenderPeter Parpart Kassenwart\/inSabine Hilge Schriftf\u00fchrer\/inWiebke Brandt Haftungsausschluss und RechteDer Autor [&hellip;]<\/p>\n","protected":false},"author":1,"featured_media":0,"parent":0,"menu_order":0,"comment_status":"closed","ping_status":"closed","template":"","meta":{"footnotes":""},"class_list":["post-61","page","type-page","status-publish","hentry"],"_links":{"self":[{"href":"http:\/\/cd.evekrieger.de\/index.php\/wp-json\/wp\/v2\/pages\/61","targetHints":{"allow":["GET"]}}],"collection":[{"href":"http:\/\/cd.evekrieger.de\/index.php\/wp-json\/wp\/v2\/pages"}],"about":[{"href":"http:\/\/cd.evekrieger.de\/index.php\/wp-json\/wp\/v2\/types\/page"}],"author":[{"embeddable":true,"href":"http:\/\/cd.evekrieger.de\/index.php\/wp-json\/wp\/v2\/users\/1"}],"replies":[{"embeddable":true,"href":"http:\/\/cd.evekrieger.de\/index.php\/wp-json\/wp\/v2\/comments?post=61"}],"version-history":[{"count":10,"href":"http:\/\/cd.evekrieger.de\/index.php\/wp-json\/wp\/v2\/pages\/61\/revisions"}],"predecessor-version":[{"id":105,"href":"http:\/\/cd.evekrieger.de\/index.php\/wp-json\/wp\/v2\/pages\/61\/revisions\/105"}],"wp:attachment":[{"href":"http:\/\/cd.evekrieger.de\/index.php\/wp-json\/wp\/v2\/media?parent=61"}],"curies":[{"name":"wp","href":"https:\/\/api.w.org\/{rel}","templated":true}]}}