{"id":5,"date":"2023-06-16T08:04:48","date_gmt":"2023-06-16T08:04:48","guid":{"rendered":"http:\/\/cd.evekrieger.de\/?page_id=5"},"modified":"2023-06-20T13:35:42","modified_gmt":"2023-06-20T13:35:42","slug":"start","status":"publish","type":"page","link":"https:\/\/cd.evekrieger.de\/","title":{"rendered":"start"},"content":{"rendered":"\n<div class=\"wp-block-group alignfull has-global-padding is-layout-constrained wp-block-group-is-layout-constrained\">\n<div class=\"wp-block-cover alignfull is-light has-x-large-font-size\" style=\"padding-top:var(--wp--preset--spacing--30);padding-right:var(--wp--preset--spacing--30);padding-bottom:var(--wp--preset--spacing--30);padding-left:var(--wp--preset--spacing--30);min-height:50px;aspect-ratio:unset;\"><span aria-hidden=\"true\" class=\"wp-block-cover__background has-black-background-color has-background-dim-0 has-background-dim\"><\/span><img loading=\"lazy\" decoding=\"async\" width=\"960\" height=\"640\" class=\"wp-block-cover__image-background wp-image-10\" alt=\"\" src=\"http:\/\/cd.evekrieger.de\/wp-content\/uploads\/2023\/06\/beach-7911303_960_720.jpg\" style=\"object-position:49% 91%\" data-object-fit=\"cover\" data-object-position=\"49% 91%\" srcset=\"https:\/\/cd.evekrieger.de\/wp-content\/uploads\/2023\/06\/beach-7911303_960_720.jpg 960w, https:\/\/cd.evekrieger.de\/wp-content\/uploads\/2023\/06\/beach-7911303_960_720-300x200.jpg 300w, https:\/\/cd.evekrieger.de\/wp-content\/uploads\/2023\/06\/beach-7911303_960_720-768x512.jpg 768w\" sizes=\"auto, (max-width: 960px) 100vw, 960px\" \/><div class=\"wp-block-cover__inner-container is-layout-flow wp-block-cover-is-layout-flow\">\n<div class=\"wp-block-group alignwide has-base-color has-text-color has-link-color wp-elements-eaf35109d52f0d1a700ca5a45f8a10bd is-content-justification-space-between is-layout-flex wp-container-core-group-is-layout-10d17ff1 wp-block-group-is-layout-flex\" style=\"margin-top:0;margin-bottom:0\">\n<div class=\"wp-block-group is-layout-flex wp-block-group-is-layout-flex\"><div class=\"is-default-size is-style-default wp-block-site-logo\"><a href=\"https:\/\/cd.evekrieger.de\/\" class=\"custom-logo-link\" rel=\"home\"><img loading=\"lazy\" decoding=\"async\" width=\"400\" height=\"408\" src=\"https:\/\/cd.evekrieger.de\/wp-content\/uploads\/2023\/06\/logo_blau.png\" class=\"custom-logo\" alt=\"GEO AG KIEL\" srcset=\"https:\/\/cd.evekrieger.de\/wp-content\/uploads\/2023\/06\/logo_blau.png 400w, https:\/\/cd.evekrieger.de\/wp-content\/uploads\/2023\/06\/logo_blau-294x300.png 294w\" sizes=\"auto, (max-width: 400px) 100vw, 400px\" \/><\/a><\/div>\n\n<h1 style=\"color:#2c3f92; font-style:normal;font-weight:700;\" class=\"has-link-color wp-elements-ee6216c545e3b742be35f5cdd18e9eea wp-block-site-title has-text-color has-x-large-font-size\"><a href=\"https:\/\/cd.evekrieger.de\" target=\"_self\" rel=\"home\">GEO AG KIEL<\/a><\/h1><\/div>\n<\/div>\n\n\n\n<div style=\"height:384px\" aria-hidden=\"true\" class=\"wp-block-spacer\"><\/div>\n<\/div><\/div>\n<\/div>\n\n\n\n<div class=\"wp-block-columns has-contrast-color has-text-color is-layout-flex wp-container-core-columns-is-layout-d7d455e7 wp-block-columns-is-layout-flex\" style=\"border-style:none;border-width:0px;padding-top:0;padding-right:0;padding-bottom:0;padding-left:0\">\n<div class=\"wp-block-column is-layout-flow wp-block-column-is-layout-flow\" style=\"flex-basis:25%\">\n<p class=\"has-base-color has-text-color has-background has-link-color wp-elements-d2b58fbc8660674d4975806749d13f92\" style=\"background-color:#2c3f92\"><a href=\"http:\/\/cd.evekrieger.de\/index.php\/termine\/\">Termine &amp; Mitgliedschaft<\/a><\/p>\n\n\n\n<p class=\"has-base-color has-text-color has-background has-link-color wp-elements-3d712a8562c2b276f820d3c885a6afc3\" style=\"background-color:#2c3f92\"><a href=\"http:\/\/cd.evekrieger.de\/index.php\/interessantes\/\">Interessantes<\/a><\/p>\n\n\n\n<p class=\"has-base-color has-text-color has-background has-link-color wp-elements-4f2c8a9a287b5d71f4ae52b6f74f1d96\" style=\"background-color:#2c3f92\"><a href=\"http:\/\/cd.evekrieger.de\/index.php\/anfahrt\/\">Anfahrt<\/a><\/p>\n\n\n\n<p class=\"has-base-color has-text-color has-background has-link-color wp-elements-f1e6f9398a954d0b6d37f1e104d7b41c\" style=\"background-color:#2c3f92\"><a href=\"http:\/\/cd.evekrieger.de\/index.php\/links\/\">Links<\/a><\/p>\n\n\n\n<hr class=\"wp-block-separator has-text-color has-alpha-channel-opacity has-background is-style-wide\" style=\"background-color:#2c3f92;color:#2c3f92\"\/>\n\n\n\n<p class=\"has-base-color has-text-color has-background\" style=\"background-color:#2c3f92;padding-top:10px;padding-right:10px;padding-bottom:10px;padding-left:10px\"><strong>Kontakt:<br><\/strong>info@geo-ag-kiel.de<\/p>\n\n\n\n<div class=\"wp-block-columns has-background is-layout-flex wp-container-core-columns-is-layout-28f84493 wp-block-columns-is-layout-flex\" style=\"background-color:#2c3f92\">\n<div class=\"wp-block-column is-layout-flow wp-block-column-is-layout-flow\">\n<figure class=\"wp-block-image aligncenter size-full\"><img loading=\"lazy\" decoding=\"async\" width=\"64\" height=\"64\" src=\"http:\/\/cd.evekrieger.de\/wp-content\/uploads\/2023\/06\/fb.png\" alt=\"\" class=\"wp-image-42\"\/><\/figure>\n<\/div>\n\n\n\n<div class=\"wp-block-column is-layout-flow wp-block-column-is-layout-flow\">\n<figure class=\"wp-block-image aligncenter size-full\"><img loading=\"lazy\" decoding=\"async\" width=\"64\" height=\"64\" src=\"http:\/\/cd.evekrieger.de\/wp-content\/uploads\/2023\/06\/insta.png\" alt=\"\" class=\"wp-image-43\"\/><\/figure>\n<\/div>\n<\/div>\n<\/div>\n\n\n\n<div class=\"wp-block-column is-layout-flow wp-block-column-is-layout-flow\" style=\"flex-basis:66.66%\">\n<h1 class=\"wp-block-heading has-text-color has-medium-font-size\" style=\"color:#2c3f92;text-transform:uppercase\"><strong>Die Arbeitsgemeinschaft<\/strong><\/h1>\n\n\n\n<p style=\"margin-top:0;margin-right:0;margin-bottom:0;margin-left:0;font-size:0px\">Die GEO-AG ist nicht nur eine Arbeitsgemeinschaft, um &#8222;einem Hobby&#8220; nachzugehen. Sie&nbsp;ist ein Gemisch unterschiedlicher Neigungen, die alle&nbsp;mit der Geologie, der Pal\u00e4ontologie und angeschlossenen Nebenf\u00e4chern in Verbindung stehen.<\/p>\n\n\n\n<p>Es finden sich Begeisterte unterschiedlichster Berufe eintr\u00e4chtig zu den verschiedenen Fachrichtungen zusammen,&nbsp;wie Fossiliensammler, Mineralogen, die die Welt der Kristalle erforschen oder Bernsteinsammler auf der Jagd nach&nbsp;vergangenem Leben im Bernstein, auch Artefakt-Sammler auf der Suche nach Steinwerkzeugen und &#8222;Schleifer&#8220;, &nbsp;die einem einfachen Stein aus dem Ger\u00f6ll wunderbare Farbspiele durch Schleifen und Polieren entlocken k\u00f6nnen.<\/p>\n\n\n\n<p>Das Wichtigste soll dabei aber nicht vergessen werden:&nbsp;<strong>Gemeinsamkeit!<\/strong><\/p>\n\n\n\n<p>Die seit 1946 bestehende Geologisch-Pal\u00e4ontologische Arbeitsgemeinschaft in Kiel ist ein Zusammenschluss&nbsp;von Hobby-Pal\u00e4ontologen. Ziel der AG ist es, Fossilien zu erschlie\u00dfen und zu erhalten, und auf w\u00f6chentlichen Treffen&nbsp;und gemeinsamen Exkursionen die Kenntnisse der Mitglieder zu erweitern sowie deren Sammlungen auszubauen.<\/p>\n\n\n\n<p>Die Treffen finden alle 14 Tage&nbsp;<strong>donnerstags<\/strong>&nbsp;(au\u00dfer in den Schulferien)&nbsp;<strong>ab 19.15 Uhr<\/strong>&nbsp;im \u00dcbungsraum 22 des&nbsp;Mineralogisch-Pal\u00e4ontologischen Institutes der Universit\u00e4t Kiel statt.<\/p>\n\n\n\n<p>Auf jedem zweiten Treffen wird ein bestimmtes Thema der Geologie oder Pal\u00e4ontologie durch einen Vortrag o.\u00e4.&nbsp;behandelt. An den dazwischenliegenden Abenden treffen sich die Mitglieder zum Erfahrungsaustausch.<\/p>\n\n\n\n<p>Die Vortragsthemen stehen unter einem \u00fcber einen l\u00e4ngeren Zeitraum verfolgten Oberthema (z.B. ein Gang&nbsp;durch alle Zeitepochen vom Kambrium zum Quart\u00e4r), unterbrochen von jeweils aktuell sich ergebenden Themen.&nbsp;Allen Mitgliedern steht eine eigene Fachb\u00fccherei mit \u00fcber 500 Titeln im \u00dcbungsraum zur Verf\u00fcgung.<\/p>\n\n\n\n<p>Die Anschaffung von Neuerscheinungen erfolgt auf Vorschlag der Mitglieder.&nbsp;Die Mitglieder erhalten Hilfe bei der Aufarbeitung ihrer Funde durch speziell abgehaltene Pr\u00e4parations- und Bestimmungsabende,&nbsp;sowie durch die M\u00f6glichkeit, Pr\u00e4parationsger\u00e4te der AG (z.B. Steins\u00e4ge oder Elektrostichel) zu benutzen.<\/p>\n\n\n\n<p>Gemeinsame Exkursionen umfassen haupts\u00e4chlich Tagestouren innerhalb Schleswig-Holsteins&nbsp;(z.B. Fehmarn, Helgoland, Itzehoe und Geschiebefundstellen an der K\u00fcste und in Kiesgruben).&nbsp;Weitere gemeinsame Unternehmungen sind Besuche von Ausstellungen, Vortr\u00e4gen und Fossilienb\u00f6rsen (z.B. Osnabr\u00fcck,&nbsp;Rendsburg oder Hamburg). Aber auch selbst organisierte Ausstellungen und B\u00f6rsen geh\u00f6ren zum Programm der AG.<\/p>\n<\/div>\n<\/div>\n\n\n\n<div class=\"wp-block-columns has-base-color has-text-color has-background is-layout-flex wp-container-core-columns-is-layout-28f84493 wp-block-columns-is-layout-flex\" style=\"background-color:#2c3f92\">\n<div class=\"wp-block-column is-vertically-aligned-center is-layout-flow wp-block-column-is-layout-flow\">\n<p>\u00a9 GEO AG KIEL 2023<\/p>\n<\/div>\n\n\n\n<div class=\"wp-block-column is-layout-flow wp-block-column-is-layout-flow\">\n<figure class=\"wp-block-image aligncenter size-full is-resized\"><img loading=\"lazy\" decoding=\"async\" src=\"http:\/\/cd.evekrieger.de\/wp-content\/uploads\/2023\/06\/Logo_GEO-AG-KIEL_weiss-1.png\" alt=\"\" class=\"wp-image-45\" width=\"147\" height=\"150\"\/><\/figure>\n<\/div>\n\n\n\n<div class=\"wp-block-column is-vertically-aligned-center is-layout-flow wp-block-column-is-layout-flow\">\n<p class=\"has-base-color has-text-color has-link-color wp-elements-b77a36f8e24af9ec25a137e69ac091d1\"><a href=\"http:\/\/cd.evekrieger.de\/index.php\/datenschutzerklaerung\/\">Datenschutz-Erkl\u00e4rung<\/a><br><a href=\"http:\/\/cd.evekrieger.de\/index.php\/impressum\/\">Impressum<\/a><\/p>\n<\/div>\n<\/div>\n","protected":false},"excerpt":{"rendered":"<p>Termine &amp; Mitgliedschaft Interessantes Anfahrt Links Kontakt:info@geo-ag-kiel.de Die Arbeitsgemeinschaft Die GEO-AG ist nicht nur eine Arbeitsgemeinschaft, um &#8222;einem Hobby&#8220; nachzugehen. Sie&nbsp;ist ein Gemisch unterschiedlicher Neigungen, die alle&nbsp;mit der Geologie, der Pal\u00e4ontologie und angeschlossenen Nebenf\u00e4chern in Verbindung stehen. Es finden sich Begeisterte unterschiedlichster Berufe eintr\u00e4chtig zu den verschiedenen Fachrichtungen zusammen,&nbsp;wie Fossiliensammler, Mineralogen, die die Welt der [&hellip;]<\/p>\n","protected":false},"author":1,"featured_media":0,"parent":0,"menu_order":0,"comment_status":"closed","ping_status":"closed","template":"","meta":{"footnotes":""},"class_list":["post-5","page","type-page","status-publish","hentry"],"_links":{"self":[{"href":"https:\/\/cd.evekrieger.de\/index.php\/wp-json\/wp\/v2\/pages\/5","targetHints":{"allow":["GET"]}}],"collection":[{"href":"https:\/\/cd.evekrieger.de\/index.php\/wp-json\/wp\/v2\/pages"}],"about":[{"href":"https:\/\/cd.evekrieger.de\/index.php\/wp-json\/wp\/v2\/types\/page"}],"author":[{"embeddable":true,"href":"https:\/\/cd.evekrieger.de\/index.php\/wp-json\/wp\/v2\/users\/1"}],"replies":[{"embeddable":true,"href":"https:\/\/cd.evekrieger.de\/index.php\/wp-json\/wp\/v2\/comments?post=5"}],"version-history":[{"count":15,"href":"https:\/\/cd.evekrieger.de\/index.php\/wp-json\/wp\/v2\/pages\/5\/revisions"}],"predecessor-version":[{"id":107,"href":"https:\/\/cd.evekrieger.de\/index.php\/wp-json\/wp\/v2\/pages\/5\/revisions\/107"}],"wp:attachment":[{"href":"https:\/\/cd.evekrieger.de\/index.php\/wp-json\/wp\/v2\/media?parent=5"}],"curies":[{"name":"wp","href":"https:\/\/api.w.org\/{rel}","templated":true}]}}